{"id":36,"date":"2019-07-16T11:06:18","date_gmt":"2019-07-16T11:06:18","guid":{"rendered":"https:\/\/atg.ba\/?page_id=36"},"modified":"2026-02-06T10:00:44","modified_gmt":"2026-02-06T10:00:44","slug":"o-nama","status":"publish","type":"page","link":"https:\/\/atg.ba\/","title":{"rendered":"O NAMA"},"content":{"rendered":"\n<figure class=\"wp-block-image size-large is-style-default\"><img decoding=\"async\" src=\"https:\/\/atg.ba\/wp-content\/uploads\/2020\/11\/13055093_1074711029252764_8889254027417609283_o-1024x569.jpg\" alt=\"\" class=\"wp-image-727\"\/><\/figure>\n\n\n\n<p>Mi smo specijalizirana veletrgova\u010dka kompanija gra\u0111evinskim materijalima, iz ponude izdvajamo sljede\u0107e:<\/p>\n\n\n\n<ul class=\"wp-block-list\">\n<li>termoizolacioni sendvi\u010d paneli sa PUR, PIR ili MW ispunom<\/li>\n\n\n\n<li>krovni i fasadni trapezni limovi TR-20, TR-40<\/li>\n\n\n\n<li>trapezni limovi za sprezanje sa betonom Hi-Bond sistem TR-55, TR-75 <\/li>\n\n\n\n<li>visokoprofilirani trapezni limovi za ravne krovove TR-85, TR-155<\/li>\n\n\n\n<li>hladnooblikovani vru\u0107epocin\u010dani profili C, Z, OMEGA, SIGMA<\/li>\n\n\n\n<li>pocin\u010dani i plasificirani bojeni limovi PE, PVDF, HDX, PLASTISOL, ALUZINC<\/li>\n\n\n\n<li>kompletan sistem vijaka, spojnih i brtvenih sredstava<\/li>\n\n\n\n<li>polikarbonatne ravne plo\u010de, vi\u0161eslojne ili kompaktne<\/li>\n\n\n\n<li>krovne polikarbonatne trapezoidne panel plo\u010de <\/li>\n\n\n\n<li>industrijski prozori polikarbonata sa aluminijski ramom<\/li>\n\n\n\n<li>krovne kupole, fiksne, ventilacione i protupo\u017earne za odimljavanje<\/li>\n\n\n\n<li>sekciona vrata i utovarne rampe za logisti\u010dke centre<\/li>\n\n\n\n<li>hladioni\u010dka vrata, frigo paneli, sanitarni profili<\/li>\n<\/ul>\n\n\n\n<p>Za sve na\u0161e partnere i kupce, osigurana je besplatna tehni\u010dka podr\u0161ka.<\/p>\n\n\n\n<p><\/p>\n","protected":false},"excerpt":{"rendered":"<p>Mi smo specijalizirana veletrgova\u010dka kompanija gra\u0111evinskim materijalima, iz ponude izdvajamo sljede\u0107e: Za sve na\u0161e partnere i kupce, osigurana je besplatna tehni\u010dka podr\u0161ka.<\/p>\n","protected":false},"author":1,"featured_media":0,"parent":0,"menu_order":0,"comment_status":"closed","ping_status":"closed","template":"","meta":{"ngg_post_thumbnail":0,"footnotes":""},"class_list":["post-36","page","type-page","status-publish","hentry"],"_links":{"self":[{"href":"https:\/\/atg.ba\/index.php?rest_route=\/wp\/v2\/pages\/36","targetHints":{"allow":["GET"]}}],"collection":[{"href":"https:\/\/atg.ba\/index.php?rest_route=\/wp\/v2\/pages"}],"about":[{"href":"https:\/\/atg.ba\/index.php?rest_route=\/wp\/v2\/types\/page"}],"author":[{"embeddable":true,"href":"https:\/\/atg.ba\/index.php?rest_route=\/wp\/v2\/users\/1"}],"replies":[{"embeddable":true,"href":"https:\/\/atg.ba\/index.php?rest_route=%2Fwp%2Fv2%2Fcomments&post=36"}],"version-history":[{"count":50,"href":"https:\/\/atg.ba\/index.php?rest_route=\/wp\/v2\/pages\/36\/revisions"}],"predecessor-version":[{"id":1007,"href":"https:\/\/atg.ba\/index.php?rest_route=\/wp\/v2\/pages\/36\/revisions\/1007"}],"wp:attachment":[{"href":"https:\/\/atg.ba\/index.php?rest_route=%2Fwp%2Fv2%2Fmedia&parent=36"}],"curies":[{"name":"wp","href":"https:\/\/api.w.org\/{rel}","templated":true}]}}